{"id":1617,"date":"2025-07-24T04:05:05","date_gmt":"2025-07-24T02:05:05","guid":{"rendered":"https:\/\/kempermann-arbeitsrecht.de\/accessibility\/"},"modified":"2025-07-24T04:31:53","modified_gmt":"2025-07-24T02:31:53","slug":"accessibility","status":"publish","type":"page","link":"https:\/\/kempermann-arbeitsrecht.de\/en\/accessibility\/","title":{"rendered":"Accessibility"},"content":{"rendered":"<p>[et_pb_section fb_built=&#8221;1&#8243; admin_label=&#8221;Header&#8221; _builder_version=&#8221;4.16&#8243; use_background_color_gradient=&#8221;on&#8221; background_color_gradient_stops=&#8221;rgba(0,19,46,0.6) 0%|rgba(0,19,46,0.6) 100%&#8221; background_color_gradient_overlays_image=&#8221;on&#8221; background_color_gradient_start=&#8221;rgba(0,19,46,0.6)&#8221; background_color_gradient_end=&#8221;rgba(0,19,46,0.6)&#8221; background_image=&#8221;https:\/\/kempermann-arbeitsrecht.de\/wp-content\/uploads\/2020\/08\/sean-pollock-PhYq704ffdA-unsplash-min-scaled.jpg&#8221; custom_padding=&#8221;||||false|false&#8221; locked=&#8221;off&#8221; global_colors_info=&#8221;{}&#8221;][et_pb_row _builder_version=&#8221;4.16&#8243; custom_margin=&#8221;||50px||false|false&#8221; custom_margin_tablet=&#8221;&#8221; custom_margin_phone=&#8221;||50px||false|false&#8221; custom_margin_last_edited=&#8221;on|phone&#8221; global_colors_info=&#8221;{}&#8221;][et_pb_column type=&#8221;4_4&#8243; _builder_version=&#8221;4.16&#8243; global_colors_info=&#8221;{}&#8221;][et_pb_text _builder_version=&#8221;4.27.4&#8243; header_font=&#8221;Raleway|900|||||||&#8221; header_font_size=&#8221;100px&#8221; header_2_font=&#8221;Raleway|700|||||||&#8221; background_layout=&#8221;dark&#8221; custom_margin=&#8221;||||false|false&#8221; header_font_size_tablet=&#8221;70px&#8221; header_font_size_phone=&#8221;41px&#8221; header_font_size_last_edited=&#8221;on|phone&#8221; global_colors_info=&#8221;{}&#8221;]<\/p>\n<h2>Accessibility<\/h2>\n<p>[\/et_pb_text][\/et_pb_column][\/et_pb_row][\/et_pb_section][et_pb_section fb_built=&#8221;1&#8243; admin_label=&#8221;About&#8221; _builder_version=&#8221;4.16&#8243; custom_padding=&#8221;28px|||||&#8221; global_colors_info=&#8221;{}&#8221;][et_pb_row _builder_version=&#8221;4.16&#8243; global_colors_info=&#8221;{}&#8221;][et_pb_column type=&#8221;4_4&#8243; _builder_version=&#8221;4.16&#8243; global_colors_info=&#8221;{}&#8221;][et_pb_text _builder_version=&#8221;4.27.4&#8243; text_font=&#8221;Raleway||||||||&#8221; text_font_size=&#8221;16px&#8221; text_line_height=&#8221;1.6em&#8221; link_text_color=&#8221;#000000&#8243; header_2_font=&#8221;|600|||||||&#8221; header_2_font_size=&#8221;16px&#8221; header_2_line_height=&#8221;1.3em&#8221; header_3_font=&#8221;|600|||||||&#8221; header_3_font_size=&#8221;16px&#8221; header_3_line_height=&#8221;1.3em&#8221; hover_enabled=&#8221;0&#8243; global_colors_info=&#8221;{}&#8221; sticky_enabled=&#8221;0&#8243;]<\/p>\n<h2>Accessibility<\/h2>\n<p>I, Maximiliane Kempermann, am committed to making my website compliant with the applicable digital accessibility requirements. My goal is to ensure equal access to information and functionality for all people \u2013 regardless of physical or technical limitations.<\/p>\n<h2>Accessibility Status<\/h2>\n<p>This website was reviewed and optimized for accessibility in July 2025. The current accessibility status ranges from 97% to 100%, depending on the subpage, based on the Web Content Accessibility Guidelines (WCAG) 2.1 \u2013 Conformance Level AA.<\/p>\n<h2>The implementation includes, among other things:<\/h2>\n<p>\u2022 sufficient color contrast<br \/>\u2022 alternative texts for relevant images<br \/>\u2022 descriptive link texts<br \/>\u2022 accessible forms<br \/>\u2022 reader-friendly structure and heading hierarchy<\/p>\n<h2>Non-accessible Content<\/h2>\n<p>Despite great care, some individual pages may still present accessibility limitations \u2013 particularly in the case of embedded media or older PDF documents. We are continuously working to identify and resolve these barriers.<\/p>\n<h2>Feedback and Contact<\/h2>\n<p>If you encounter any barriers on my website or require content in a more accessible format, please let me know.<\/p>\n<p>Kempermann Employment Law, Attorney Maximiliane Kempermann<br \/><a href=\"mailto:kontakt@kempermann-arbeitsrecht.de\">kontakt@kempermann-arbeitsrecht.de<\/a><\/p>\n<h2>Technical Implementation<\/h2>\n<p>The accessible design of this website was developed as part of a relaunch by Ron Pregitzer \u2013 Web Design and Performance Ads.<\/p>\n<p>For questions regarding technical implementation or suggestions for improvement, please contact:<br \/>info@ronpregitzer.com<br \/>www.ronpregitzer.com<\/p>\n<p>[\/et_pb_text][\/et_pb_column][\/et_pb_row][\/et_pb_section][et_pb_section fb_built=&#8221;1&#8243; admin_label=&#8221;Footer Section&#8221; _builder_version=&#8221;4.16&#8243; background_color=&#8221;#263142&#8243; custom_padding=&#8221;45px|0px|37px|0px||&#8221; saved_tabs=&#8221;all&#8221; global_colors_info=&#8221;{}&#8221;][et_pb_row column_structure=&#8221;1_4,1_2,1_4&#8243; admin_label=&#8221;Footer Row&#8221; _builder_version=&#8221;4.16&#8243; global_colors_info=&#8221;{}&#8221;][et_pb_column type=&#8221;1_4&#8243; _builder_version=&#8221;4.16&#8243; custom_padding=&#8221;|||&#8221; global_colors_info=&#8221;{}&#8221; custom_padding__hover=&#8221;|||&#8221;][et_pb_text admin_label=&#8221;Links&#8221; _builder_version=&#8221;4.27.4&#8243; text_font=&#8221;Raleway||||||||&#8221; text_text_color=&#8221;#ffffff&#8221; text_line_height=&#8221;1.4em&#8221; link_font=&#8221;Raleway||||||||&#8221; link_text_color=&#8221;#ffffff&#8221; link_line_height=&#8221;2.1em&#8221; header_font=&#8221;||||||||&#8221; header_2_font=&#8221;||||||||&#8221; header_3_font=&#8221;||||||||&#8221; header_6_font=&#8221;Raleway|700||on|||||&#8221; header_6_text_color=&#8221;#FFFFFF&#8221; header_6_font_size=&#8221;16px&#8221; header_6_line_height=&#8221;1.7em&#8221; background_layout=&#8221;dark&#8221; module_alignment=&#8221;center&#8221; custom_margin=&#8221;|||&#8221; custom_margin_tablet=&#8221;0px|||&#8221; custom_margin_phone=&#8221;|||&#8221; custom_margin_last_edited=&#8221;off|desktop&#8221; text_line_height_last_edited=&#8221;off|desktop&#8221; global_colors_info=&#8221;{}&#8221;]<\/p>\n<h6>Links<\/h6>\n<p><a href=\"https:\/\/kempermann-arbeitsrecht.de\/en\/imprint\/\">Imprint<\/a><br \/><a href=\"https:\/\/kempermann-arbeitsrecht.de\/en\/privacy\/\">Privacy<\/a><br \/><a href=\"https:\/\/kempermann-arbeitsrecht.de\/en\/accessibility\/\">Accessibility<\/a><\/p>\n<p>[\/et_pb_text][\/et_pb_column][et_pb_column type=&#8221;1_2&#8243; _builder_version=&#8221;4.16&#8243; _module_preset=&#8221;default&#8221; global_colors_info=&#8221;{}&#8221;][et_pb_text admin_label=&#8221;Links&#8221; _builder_version=&#8221;4.27.4&#8243; text_font=&#8221;Raleway||||||||&#8221; text_text_color=&#8221;#ffffff&#8221; text_line_height=&#8221;2em&#8221; link_font=&#8221;Raleway||||||||&#8221; link_text_color=&#8221;#ffffff&#8221; link_line_height=&#8221;2em&#8221; header_font=&#8221;||||||||&#8221; header_2_font=&#8221;||||||||&#8221; header_3_font=&#8221;||||||||&#8221; header_6_font=&#8221;Raleway|700||on|||||&#8221; header_6_text_color=&#8221;#FFFFFF&#8221; header_6_font_size=&#8221;16px&#8221; header_6_line_height=&#8221;1.7em&#8221; background_layout=&#8221;dark&#8221; module_alignment=&#8221;center&#8221; custom_margin=&#8221;|||&#8221; custom_margin_tablet=&#8221;0px|||&#8221; custom_margin_phone=&#8221;|||&#8221; custom_margin_last_edited=&#8221;off|desktop&#8221; text_line_height_last_edited=&#8221;off|desktop&#8221; global_colors_info=&#8221;{}&#8221;]<\/p>\n<h6>Contact<\/h6>\n<p><a>Phone: +49 151 41211488<br \/><\/a>Fax: +49 221 9698 6642<br \/><a href=\"mailto:kontakt@kempermann-arbeitsrecht.de\">kontakt@kempermann-arbeitsrecht.de<\/a><\/p>\n<p>[\/et_pb_text][\/et_pb_column][et_pb_column type=&#8221;1_4&#8243; _builder_version=&#8221;4.16&#8243; custom_padding=&#8221;|||&#8221; global_colors_info=&#8221;{}&#8221; custom_padding__hover=&#8221;|||&#8221;][et_pb_text admin_label=&#8221;Links&#8221; _builder_version=&#8221;4.27.4&#8243; text_font=&#8221;Open Sans|600|||||||&#8221; text_text_color=&#8221;#ffffff&#8221; text_line_height=&#8221;1.4em&#8221; link_font=&#8221;Open Sans|600|||||||&#8221; link_text_color=&#8221;#ffffff&#8221; link_line_height=&#8221;2.5em&#8221; header_font=&#8221;||||||||&#8221; header_2_font=&#8221;||||||||&#8221; header_3_font=&#8221;||||||||&#8221; header_6_font=&#8221;Raleway|700||on|||||&#8221; header_6_text_color=&#8221;#FFFFFF&#8221; header_6_font_size=&#8221;16px&#8221; header_6_line_height=&#8221;1.7em&#8221; background_layout=&#8221;dark&#8221; module_alignment=&#8221;center&#8221; custom_margin=&#8221;||-2px|||&#8221; custom_margin_tablet=&#8221;0px|||&#8221; custom_margin_phone=&#8221;|||&#8221; custom_margin_last_edited=&#8221;off|desktop&#8221; text_line_height_last_edited=&#8221;off|desktop&#8221; global_colors_info=&#8221;{}&#8221;]<\/p>\n<h6>Social<\/h6>\n<p>[\/et_pb_text][et_pb_social_media_follow _builder_version=&#8221;4.16&#8243; _module_preset=&#8221;default&#8221; custom_margin=&#8221;12px|||||&#8221; global_colors_info=&#8221;{}&#8221;][et_pb_social_media_follow_network social_network=&#8221;linkedin&#8221; url=&#8221;https:\/\/www.linkedin.com\/in\/maximiliane-kempermann-b0645991\/&#8221; _builder_version=&#8221;4.16&#8243; _module_preset=&#8221;default&#8221; background_color=&#8221;#007bb6&#8243; global_colors_info=&#8221;{}&#8221; follow_button=&#8221;off&#8221; url_new_window=&#8221;on&#8221;]linkedin[\/et_pb_social_media_follow_network][\/et_pb_social_media_follow][\/et_pb_column][\/et_pb_row][\/et_pb_section]<\/p>\n","protected":false},"excerpt":{"rendered":"<p>AccessibilityAccessibility I, Maximiliane Kempermann, am committed to making my website compliant with the applicable digital accessibility requirements. My goal is to ensure equal access to information and functionality for all people \u2013 regardless of physical or technical limitations. Accessibility Status This website was reviewed and optimized for accessibility in July 2025. The current accessibility status [&hellip;]<\/p>\n","protected":false},"author":1,"featured_media":0,"parent":0,"menu_order":0,"comment_status":"closed","ping_status":"closed","template":"","meta":{"_et_pb_use_builder":"on","_et_pb_old_content":"","_et_gb_content_width":"","footnotes":""},"class_list":["post-1617","page","type-page","status-publish","hentry"],"yoast_head":"<!-- This site is optimized with the Yoast SEO plugin v25.5 - https:\/\/yoast.com\/wordpress\/plugins\/seo\/ -->\n<title>Accessibility - Kempermann Arbeitsrecht<\/title>\n<meta name=\"description\" content=\"Ich bin Fachanw\u00e4ltin f\u00fcr Arbeitsrecht und Gr\u00fcnderin der Arbeitsrechtskanzlei Kempermann Arbeitsrecht.\" \/>\n<meta name=\"robots\" content=\"index, follow, max-snippet:-1, max-image-preview:large, max-video-preview:-1\" \/>\n<link rel=\"canonical\" href=\"https:\/\/kempermann-arbeitsrecht.de\/en\/accessibility\/\" \/>\n<meta property=\"og:locale\" content=\"en_US\" \/>\n<meta property=\"og:type\" content=\"article\" \/>\n<meta property=\"og:title\" content=\"Accessibility - Kempermann Arbeitsrecht\" \/>\n<meta property=\"og:description\" content=\"Ich bin Fachanw\u00e4ltin f\u00fcr Arbeitsrecht und Gr\u00fcnderin der Arbeitsrechtskanzlei Kempermann Arbeitsrecht.\" \/>\n<meta property=\"og:url\" content=\"https:\/\/kempermann-arbeitsrecht.de\/en\/accessibility\/\" \/>\n<meta property=\"og:site_name\" content=\"Kempermann Arbeitsrecht\" \/>\n<meta property=\"article:modified_time\" content=\"2025-07-24T02:31:53+00:00\" \/>\n<meta name=\"twitter:card\" content=\"summary_large_image\" \/>\n<meta name=\"twitter:label1\" content=\"Est. reading time\" \/>\n\t<meta name=\"twitter:data1\" content=\"4 minutes\" \/>\n<script type=\"application\/ld+json\" class=\"yoast-schema-graph\">{\"@context\":\"https:\/\/schema.org\",\"@graph\":[{\"@type\":\"WebPage\",\"@id\":\"https:\/\/kempermann-arbeitsrecht.de\/en\/accessibility\/\",\"url\":\"https:\/\/kempermann-arbeitsrecht.de\/en\/accessibility\/\",\"name\":\"Accessibility - Kempermann Arbeitsrecht\",\"isPartOf\":{\"@id\":\"https:\/\/kempermann-arbeitsrecht.de\/#website\"},\"datePublished\":\"2025-07-24T02:05:05+00:00\",\"dateModified\":\"2025-07-24T02:31:53+00:00\",\"description\":\"Ich bin Fachanw\u00e4ltin f\u00fcr Arbeitsrecht und Gr\u00fcnderin der Arbeitsrechtskanzlei Kempermann Arbeitsrecht.\",\"breadcrumb\":{\"@id\":\"https:\/\/kempermann-arbeitsrecht.de\/en\/accessibility\/#breadcrumb\"},\"inLanguage\":\"en-US\",\"potentialAction\":[{\"@type\":\"ReadAction\",\"target\":[\"https:\/\/kempermann-arbeitsrecht.de\/en\/accessibility\/\"]}]},{\"@type\":\"BreadcrumbList\",\"@id\":\"https:\/\/kempermann-arbeitsrecht.de\/en\/accessibility\/#breadcrumb\",\"itemListElement\":[{\"@type\":\"ListItem\",\"position\":1,\"name\":\"Startseite\",\"item\":\"https:\/\/kempermann-arbeitsrecht.de\/en\/\"},{\"@type\":\"ListItem\",\"position\":2,\"name\":\"Accessibility\"}]},{\"@type\":\"WebSite\",\"@id\":\"https:\/\/kempermann-arbeitsrecht.de\/#website\",\"url\":\"https:\/\/kempermann-arbeitsrecht.de\/\",\"name\":\"Kempermann Arbeitsrecht\",\"description\":\"Ihre Rechtsanw\u00e4ltin f\u00fcr Arbeitsrecht\",\"publisher\":{\"@id\":\"https:\/\/kempermann-arbeitsrecht.de\/#organization\"},\"potentialAction\":[{\"@type\":\"SearchAction\",\"target\":{\"@type\":\"EntryPoint\",\"urlTemplate\":\"https:\/\/kempermann-arbeitsrecht.de\/?s={search_term_string}\"},\"query-input\":{\"@type\":\"PropertyValueSpecification\",\"valueRequired\":true,\"valueName\":\"search_term_string\"}}],\"inLanguage\":\"en-US\"},{\"@type\":\"Organization\",\"@id\":\"https:\/\/kempermann-arbeitsrecht.de\/#organization\",\"name\":\"Kempermann Arbeitsrecht\",\"url\":\"https:\/\/kempermann-arbeitsrecht.de\/\",\"logo\":{\"@type\":\"ImageObject\",\"inLanguage\":\"en-US\",\"@id\":\"https:\/\/kempermann-arbeitsrecht.de\/#\/schema\/logo\/image\/\",\"url\":\"https:\/\/kempermann-arbeitsrecht.de\/wp-content\/uploads\/2020\/08\/Logo-aktuell.png\",\"contentUrl\":\"https:\/\/kempermann-arbeitsrecht.de\/wp-content\/uploads\/2020\/08\/Logo-aktuell.png\",\"width\":1294,\"height\":952,\"caption\":\"Kempermann Arbeitsrecht\"},\"image\":{\"@id\":\"https:\/\/kempermann-arbeitsrecht.de\/#\/schema\/logo\/image\/\"}}]}<\/script>\n<!-- \/ Yoast SEO plugin. -->","yoast_head_json":{"title":"Accessibility - Kempermann Arbeitsrecht","description":"Ich bin Fachanw\u00e4ltin f\u00fcr Arbeitsrecht und Gr\u00fcnderin der Arbeitsrechtskanzlei Kempermann Arbeitsrecht.","robots":{"index":"index","follow":"follow","max-snippet":"max-snippet:-1","max-image-preview":"max-image-preview:large","max-video-preview":"max-video-preview:-1"},"canonical":"https:\/\/kempermann-arbeitsrecht.de\/en\/accessibility\/","og_locale":"en_US","og_type":"article","og_title":"Accessibility - Kempermann Arbeitsrecht","og_description":"Ich bin Fachanw\u00e4ltin f\u00fcr Arbeitsrecht und Gr\u00fcnderin der Arbeitsrechtskanzlei Kempermann Arbeitsrecht.","og_url":"https:\/\/kempermann-arbeitsrecht.de\/en\/accessibility\/","og_site_name":"Kempermann Arbeitsrecht","article_modified_time":"2025-07-24T02:31:53+00:00","twitter_card":"summary_large_image","twitter_misc":{"Est. reading time":"4 minutes"},"schema":{"@context":"https:\/\/schema.org","@graph":[{"@type":"WebPage","@id":"https:\/\/kempermann-arbeitsrecht.de\/en\/accessibility\/","url":"https:\/\/kempermann-arbeitsrecht.de\/en\/accessibility\/","name":"Accessibility - Kempermann Arbeitsrecht","isPartOf":{"@id":"https:\/\/kempermann-arbeitsrecht.de\/#website"},"datePublished":"2025-07-24T02:05:05+00:00","dateModified":"2025-07-24T02:31:53+00:00","description":"Ich bin Fachanw\u00e4ltin f\u00fcr Arbeitsrecht und Gr\u00fcnderin der Arbeitsrechtskanzlei Kempermann Arbeitsrecht.","breadcrumb":{"@id":"https:\/\/kempermann-arbeitsrecht.de\/en\/accessibility\/#breadcrumb"},"inLanguage":"en-US","potentialAction":[{"@type":"ReadAction","target":["https:\/\/kempermann-arbeitsrecht.de\/en\/accessibility\/"]}]},{"@type":"BreadcrumbList","@id":"https:\/\/kempermann-arbeitsrecht.de\/en\/accessibility\/#breadcrumb","itemListElement":[{"@type":"ListItem","position":1,"name":"Startseite","item":"https:\/\/kempermann-arbeitsrecht.de\/en\/"},{"@type":"ListItem","position":2,"name":"Accessibility"}]},{"@type":"WebSite","@id":"https:\/\/kempermann-arbeitsrecht.de\/#website","url":"https:\/\/kempermann-arbeitsrecht.de\/","name":"Kempermann Arbeitsrecht","description":"Ihre Rechtsanw\u00e4ltin f\u00fcr Arbeitsrecht","publisher":{"@id":"https:\/\/kempermann-arbeitsrecht.de\/#organization"},"potentialAction":[{"@type":"SearchAction","target":{"@type":"EntryPoint","urlTemplate":"https:\/\/kempermann-arbeitsrecht.de\/?s={search_term_string}"},"query-input":{"@type":"PropertyValueSpecification","valueRequired":true,"valueName":"search_term_string"}}],"inLanguage":"en-US"},{"@type":"Organization","@id":"https:\/\/kempermann-arbeitsrecht.de\/#organization","name":"Kempermann Arbeitsrecht","url":"https:\/\/kempermann-arbeitsrecht.de\/","logo":{"@type":"ImageObject","inLanguage":"en-US","@id":"https:\/\/kempermann-arbeitsrecht.de\/#\/schema\/logo\/image\/","url":"https:\/\/kempermann-arbeitsrecht.de\/wp-content\/uploads\/2020\/08\/Logo-aktuell.png","contentUrl":"https:\/\/kempermann-arbeitsrecht.de\/wp-content\/uploads\/2020\/08\/Logo-aktuell.png","width":1294,"height":952,"caption":"Kempermann Arbeitsrecht"},"image":{"@id":"https:\/\/kempermann-arbeitsrecht.de\/#\/schema\/logo\/image\/"}}]}},"_links":{"self":[{"href":"https:\/\/kempermann-arbeitsrecht.de\/en\/wp-json\/wp\/v2\/pages\/1617","targetHints":{"allow":["GET"]}}],"collection":[{"href":"https:\/\/kempermann-arbeitsrecht.de\/en\/wp-json\/wp\/v2\/pages"}],"about":[{"href":"https:\/\/kempermann-arbeitsrecht.de\/en\/wp-json\/wp\/v2\/types\/page"}],"author":[{"embeddable":true,"href":"https:\/\/kempermann-arbeitsrecht.de\/en\/wp-json\/wp\/v2\/users\/1"}],"replies":[{"embeddable":true,"href":"https:\/\/kempermann-arbeitsrecht.de\/en\/wp-json\/wp\/v2\/comments?post=1617"}],"version-history":[{"count":3,"href":"https:\/\/kempermann-arbeitsrecht.de\/en\/wp-json\/wp\/v2\/pages\/1617\/revisions"}],"predecessor-version":[{"id":1625,"href":"https:\/\/kempermann-arbeitsrecht.de\/en\/wp-json\/wp\/v2\/pages\/1617\/revisions\/1625"}],"wp:attachment":[{"href":"https:\/\/kempermann-arbeitsrecht.de\/en\/wp-json\/wp\/v2\/media?parent=1617"}],"curies":[{"name":"wp","href":"https:\/\/api.w.org\/{rel}","templated":true}]}}