{"id":818,"date":"2020-08-21T13:55:40","date_gmt":"2020-08-21T11:55:40","guid":{"rendered":"https:\/\/kempermann-arbeitsrecht.de\/privacy\/"},"modified":"2025-07-18T14:10:19","modified_gmt":"2025-07-18T12:10:19","slug":"privacy","status":"publish","type":"page","link":"https:\/\/kempermann-arbeitsrecht.de\/en\/privacy\/","title":{"rendered":"Privacy"},"content":{"rendered":"<p>[et_pb_section fb_built=&#8221;1&#8243; admin_label=&#8221;Header&#8221; _builder_version=&#8221;4.16&#8243; use_background_color_gradient=&#8221;on&#8221; background_color_gradient_stops=&#8221;rgba(0,19,46,0.6) 0%|rgba(0,19,46,0.6) 100%&#8221; background_color_gradient_overlays_image=&#8221;on&#8221; background_color_gradient_start=&#8221;rgba(0,19,46,0.6)&#8221; background_color_gradient_end=&#8221;rgba(0,19,46,0.6)&#8221; background_image=&#8221;https:\/\/kempermann-arbeitsrecht.de\/wp-content\/uploads\/2020\/08\/sean-pollock-PhYq704ffdA-unsplash-min-scaled.jpg&#8221; custom_padding=&#8221;||||false|false&#8221; locked=&#8221;off&#8221; global_colors_info=&#8221;{}&#8221;][et_pb_row _builder_version=&#8221;4.16&#8243; global_colors_info=&#8221;{}&#8221;][et_pb_column type=&#8221;4_4&#8243; _builder_version=&#8221;4.16&#8243; global_colors_info=&#8221;{}&#8221;][et_pb_text _builder_version=&#8221;4.16&#8243; header_font=&#8221;Darker Grotesque|900|||||||&#8221; header_font_size=&#8221;100px&#8221; header_2_font=&#8221;Raleway||||||||&#8221; background_layout=&#8221;dark&#8221; custom_margin=&#8221;||||false|false&#8221; header_font_size_tablet=&#8221;70px&#8221; header_font_size_phone=&#8221;41px&#8221; header_font_size_last_edited=&#8221;on|phone&#8221; global_colors_info=&#8221;{}&#8221;]<\/p>\n<h2><strong>Privacy<\/strong><\/h2>\n<p>[\/et_pb_text][\/et_pb_column][\/et_pb_row][\/et_pb_section][et_pb_section fb_built=&#8221;1&#8243; admin_label=&#8221;About&#8221; _builder_version=&#8221;4.16&#8243; global_colors_info=&#8221;{}&#8221;][et_pb_row _builder_version=&#8221;4.16&#8243; global_colors_info=&#8221;{}&#8221;][et_pb_column type=&#8221;4_4&#8243; _builder_version=&#8221;4.16&#8243; global_colors_info=&#8221;{}&#8221;][et_pb_text _builder_version=&#8221;4.27.4&#8243; text_font=&#8221;Raleway||||||||&#8221; text_font_size=&#8221;16px&#8221; text_line_height=&#8221;1.6em&#8221; link_text_color=&#8221;#000000&#8243; hover_enabled=&#8221;0&#8243; global_colors_info=&#8221;{}&#8221; header_2_font=&#8221;|600|||||||&#8221; header_2_font_size=&#8221;16px&#8221; header_2_line_height=&#8221;1.3em&#8221; sticky_enabled=&#8221;0&#8243;]<\/p>\n<h2><strong>\u200b1. Introduction<\/strong><\/h2>\n<p>Thank you for visiting my website. The protection of your personal data is very important to me. Below you will find information about the type, scope, and purpose of the processing of personal data in accordance with the General Data Protection Regulation (GDPR).<\/p>\n<h2><strong>2. Data Controller<\/strong><\/h2>\n<p>Maximiliane Kempermann<br \/>Kempener Str. 76<br \/>50733 Cologne<br \/>Germany<br \/>Phone: +49 151 41 211 488<br \/>Email: <a href=\"mailto:kontakt@kempermann-arbeitsrecht.de\">kontakt@kempermann-arbeitsrecht.de<\/a><\/p>\n<h2><strong>3. Your Rights<\/strong><\/h2>\n<p>As a data subject under the GDPR, you have the following rights:<br \/>\u2022 Right of access (Art. 15 GDPR)<br \/>\u2022 Right to rectification (Art. 16 GDPR)<br \/>\u2022 Right to erasure (Art. 17 GDPR)<br \/>\u2022 Right to restriction of processing (Art. 18 GDPR)<br \/>\u2022 Right to data portability (Art. 20 GDPR)<br \/>\u2022 Right to object to processing (Art. 21 GDPR)<br \/>\u2022 Right to lodge a complaint with a supervisory authority (Art. 77 GDPR)<\/p>\n<h2><strong>4. Server Log Files<\/strong><\/h2>\n<p>When you visit this website, certain information is automatically transmitted by your browser and stored in so-called server log files. These include:<br \/>\u2022 IP address of the accessing device<br \/>\u2022 Date and time of access<br \/>\u2022 Requested page or file<br \/>\u2022 Amount of data transferred<br \/>\u2022 Referring URL (the previously visited page)<br \/>\u2022 Browser type and version<br \/>\u2022 Operating system<\/p>\n<p>This data is technically necessary to display the website correctly and ensure its stability and security. The legal basis for processing is Art. 6(1)(f) GDPR (legitimate interest). These log files are not merged with other data sources.<\/p>\n<p>The data is automatically deleted after seven days unless further retention is required for evidentiary purposes.<\/p>\n<h2><strong>5. Hosting<\/strong><\/h2>\n<p>This website is hosted by:<\/p>\n<p>IONOS SE<br \/>Elgendorfer Str. 57<br \/>56410 Montabaur<br \/>Germany<br \/><a href=\"http:\/\/www.ionos.de\">www.ionos.de<\/a><\/p>\n<p>A data processing agreement in accordance with Art. 28 GDPR has been concluded with the hosting provider. All data is processed within the European Union.<\/p>\n<h2><strong>6. SSL\/TLS Encryption<\/strong><\/h2>\n<p>For security reasons and to protect the transmission of confidential content, this website uses SSL or TLS encryption. You can recognize an encrypted connection by the \u201chttps:\/\/\u201d in your browser\u2019s address bar and the padlock symbol.<\/p>\n<h2><strong>7. Cookies<\/strong><\/h2>\n<p>Only technically necessary cookies are used on this website to ensure the proper functioning of the site. No personal data is stored or processed in connection with cookies.<\/p>\n<p>The legal basis for this processing is Art. 6(1)(f) GDPR (legitimate interest in a functional website).<\/p>\n<p>You can disable or delete cookies via your browser settings. Please note that some website functions may not work correctly without cookies.<\/p>\n<h2><strong>8. Google Fonts<\/strong><\/h2>\n<p>This website does not use Google Fonts from external servers. A plugin has been implemented (\u201cDisable and Remove Google Fonts\u201d) to ensure that no connection to Google servers is established for loading fonts. Therefore, no personal data is transferred to Google in this context.<\/p>\n<h2><strong>9. LinkedIn Link<\/strong><\/h2>\n<p>This website contains a link to my professional profile on LinkedIn. This link is a simple hyperlink. When you click it, you will leave my website, and LinkedIn will establish a connection.<\/p>\n<p>Provider:<br \/>LinkedIn Ireland Unlimited Company<br \/>Wilton Plaza, Wilton Place, Dublin 2, Ireland<\/p>\n<p>Please note that LinkedIn may transfer data to third countries. Data transfers are based on the EU Standard Contractual Clauses in accordance with Art. 46 GDPR.<\/p>\n<p>LinkedIn Privacy Policy:<br \/>https:\/\/www.linkedin.com\/legal\/privacy-policy<\/p>\n<p>Last updated: July 2025<\/p>\n<p>[\/et_pb_text][\/et_pb_column][\/et_pb_row][\/et_pb_section][et_pb_section fb_built=&#8221;1&#8243; admin_label=&#8221;Footer Section&#8221; _builder_version=&#8221;4.16&#8243; background_color=&#8221;#263142&#8243; custom_padding=&#8221;45px|0px|37px|0px||&#8221; global_module=&#8221;1574&#8243; saved_tabs=&#8221;all&#8221; global_colors_info=&#8221;{}&#8221;][et_pb_row column_structure=&#8221;1_4,1_2,1_4&#8243; admin_label=&#8221;Footer Row&#8221; _builder_version=&#8221;4.16&#8243; global_colors_info=&#8221;{}&#8221;][et_pb_column type=&#8221;1_4&#8243; _builder_version=&#8221;4.16&#8243; custom_padding=&#8221;|||&#8221; global_colors_info=&#8221;{}&#8221; custom_padding__hover=&#8221;|||&#8221;][et_pb_text admin_label=&#8221;Links&#8221; _builder_version=&#8221;4.27.4&#8243; text_font=&#8221;Raleway||||||||&#8221; text_text_color=&#8221;#ffffff&#8221; text_line_height=&#8221;1.4em&#8221; link_font=&#8221;Raleway||||||||&#8221; link_text_color=&#8221;#ffffff&#8221; link_line_height=&#8221;2.1em&#8221; header_font=&#8221;||||||||&#8221; header_2_font=&#8221;||||||||&#8221; header_3_font=&#8221;||||||||&#8221; header_6_font=&#8221;Raleway|700||on|||||&#8221; header_6_text_color=&#8221;#FFFFFF&#8221; header_6_font_size=&#8221;16px&#8221; header_6_line_height=&#8221;1.7em&#8221; background_layout=&#8221;dark&#8221; module_alignment=&#8221;center&#8221; custom_margin=&#8221;|||&#8221; custom_margin_tablet=&#8221;0px|||&#8221; custom_margin_phone=&#8221;|||&#8221; custom_margin_last_edited=&#8221;off|desktop&#8221; text_line_height_last_edited=&#8221;off|desktop&#8221; global_colors_info=&#8221;{}&#8221;]<\/p>\n<h6>Links<\/h6>\n<p><a href=\"https:\/\/kempermann-arbeitsrecht.de\/en\/imprint\/\">Imprint<\/a><br \/><a href=\"https:\/\/kempermann-arbeitsrecht.de\/en\/privacy\/\">Privacy<\/a><\/p>\n<p>[\/et_pb_text][\/et_pb_column][et_pb_column type=&#8221;1_2&#8243; _builder_version=&#8221;4.16&#8243; _module_preset=&#8221;default&#8221; global_colors_info=&#8221;{}&#8221;][et_pb_text admin_label=&#8221;Links&#8221; _builder_version=&#8221;4.27.4&#8243; text_font=&#8221;Raleway||||||||&#8221; text_text_color=&#8221;#ffffff&#8221; text_line_height=&#8221;2em&#8221; link_font=&#8221;Raleway||||||||&#8221; link_text_color=&#8221;#ffffff&#8221; link_line_height=&#8221;2em&#8221; header_font=&#8221;||||||||&#8221; header_2_font=&#8221;||||||||&#8221; header_3_font=&#8221;||||||||&#8221; header_6_font=&#8221;Raleway|700||on|||||&#8221; header_6_text_color=&#8221;#FFFFFF&#8221; header_6_font_size=&#8221;16px&#8221; header_6_line_height=&#8221;1.7em&#8221; background_layout=&#8221;dark&#8221; module_alignment=&#8221;center&#8221; custom_margin=&#8221;|||&#8221; custom_margin_tablet=&#8221;0px|||&#8221; custom_margin_phone=&#8221;|||&#8221; custom_margin_last_edited=&#8221;off|desktop&#8221; text_line_height_last_edited=&#8221;off|desktop&#8221; global_colors_info=&#8221;{}&#8221;]<\/p>\n<h6>Contact<\/h6>\n<p><a>Phone: +49 151 41211488<br \/><\/a>Fax: +49 221 9698 6642<br \/><a href=\"mailto:kontakt@kempermann-arbeitsrecht.de\">kontakt@kempermann-arbeitsrecht.de<\/a><\/p>\n<p>[\/et_pb_text][\/et_pb_column][et_pb_column type=&#8221;1_4&#8243; _builder_version=&#8221;4.16&#8243; custom_padding=&#8221;|||&#8221; global_colors_info=&#8221;{}&#8221; custom_padding__hover=&#8221;|||&#8221;][et_pb_text admin_label=&#8221;Links&#8221; _builder_version=&#8221;4.27.4&#8243; text_font=&#8221;Open Sans|600|||||||&#8221; text_text_color=&#8221;#ffffff&#8221; text_line_height=&#8221;1.4em&#8221; link_font=&#8221;Open Sans|600|||||||&#8221; link_text_color=&#8221;#ffffff&#8221; link_line_height=&#8221;2.5em&#8221; header_font=&#8221;||||||||&#8221; header_2_font=&#8221;||||||||&#8221; header_3_font=&#8221;||||||||&#8221; header_6_font=&#8221;Raleway|700||on|||||&#8221; header_6_text_color=&#8221;#FFFFFF&#8221; header_6_font_size=&#8221;16px&#8221; header_6_line_height=&#8221;1.7em&#8221; background_layout=&#8221;dark&#8221; module_alignment=&#8221;center&#8221; custom_margin=&#8221;||-2px|||&#8221; custom_margin_tablet=&#8221;0px|||&#8221; custom_margin_phone=&#8221;|||&#8221; custom_margin_last_edited=&#8221;off|desktop&#8221; text_line_height_last_edited=&#8221;off|desktop&#8221; global_colors_info=&#8221;{}&#8221;]<\/p>\n<h6>Social<\/h6>\n<p>[\/et_pb_text][et_pb_social_media_follow _builder_version=&#8221;4.16&#8243; _module_preset=&#8221;default&#8221; custom_margin=&#8221;12px|||||&#8221; global_colors_info=&#8221;{}&#8221;][et_pb_social_media_follow_network social_network=&#8221;linkedin&#8221; url=&#8221;https:\/\/www.linkedin.com\/in\/maximiliane-kempermann-b0645991\/&#8221; _builder_version=&#8221;4.16&#8243; _module_preset=&#8221;default&#8221; background_color=&#8221;#007bb6&#8243; global_colors_info=&#8221;{}&#8221; follow_button=&#8221;off&#8221; url_new_window=&#8221;on&#8221;]linkedin[\/et_pb_social_media_follow_network][\/et_pb_social_media_follow][\/et_pb_column][\/et_pb_row][\/et_pb_section]<\/p>\n","protected":false},"excerpt":{"rendered":"<p>Privacy\u200b1. Introduction Thank you for visiting my website. The protection of your personal data is very important to me. Below you will find information about the type, scope, and purpose of the processing of personal data in accordance with the General Data Protection Regulation (GDPR). 2. Data Controller Maximiliane KempermannKempener Str. 7650733 CologneGermanyPhone: +49 151 [&hellip;]<\/p>\n","protected":false},"author":1,"featured_media":0,"parent":0,"menu_order":0,"comment_status":"closed","ping_status":"closed","template":"","meta":{"_et_pb_use_builder":"on","_et_pb_old_content":"","_et_gb_content_width":"","footnotes":""},"class_list":["post-818","page","type-page","status-publish","hentry"],"yoast_head":"<!-- This site is optimized with the Yoast SEO plugin v25.5 - https:\/\/yoast.com\/wordpress\/plugins\/seo\/ -->\n<title>Privacy - Kempermann Arbeitsrecht<\/title>\n<meta name=\"description\" content=\"Ich bin Fachanw\u00e4ltin f\u00fcr Arbeitsrecht und Gr\u00fcnderin der Arbeitsrechtskanzlei Kempermann Arbeitsrecht.\" \/>\n<meta name=\"robots\" content=\"index, follow, max-snippet:-1, max-image-preview:large, max-video-preview:-1\" \/>\n<link rel=\"canonical\" href=\"https:\/\/kempermann-arbeitsrecht.de\/en\/privacy\/\" \/>\n<meta property=\"og:locale\" content=\"en_US\" \/>\n<meta property=\"og:type\" content=\"article\" \/>\n<meta property=\"og:title\" content=\"Privacy - Kempermann Arbeitsrecht\" \/>\n<meta property=\"og:description\" content=\"Ich bin Fachanw\u00e4ltin f\u00fcr Arbeitsrecht und Gr\u00fcnderin der Arbeitsrechtskanzlei Kempermann Arbeitsrecht.\" \/>\n<meta property=\"og:url\" content=\"https:\/\/kempermann-arbeitsrecht.de\/en\/privacy\/\" \/>\n<meta property=\"og:site_name\" content=\"Kempermann Arbeitsrecht\" \/>\n<meta property=\"article:modified_time\" content=\"2025-07-18T12:10:19+00:00\" \/>\n<meta name=\"twitter:card\" content=\"summary_large_image\" \/>\n<meta name=\"twitter:label1\" content=\"Est. reading time\" \/>\n\t<meta name=\"twitter:data1\" content=\"6 minutes\" \/>\n<script type=\"application\/ld+json\" class=\"yoast-schema-graph\">{\"@context\":\"https:\/\/schema.org\",\"@graph\":[{\"@type\":\"WebPage\",\"@id\":\"https:\/\/kempermann-arbeitsrecht.de\/en\/privacy\/\",\"url\":\"https:\/\/kempermann-arbeitsrecht.de\/en\/privacy\/\",\"name\":\"Privacy - Kempermann Arbeitsrecht\",\"isPartOf\":{\"@id\":\"https:\/\/kempermann-arbeitsrecht.de\/#website\"},\"datePublished\":\"2020-08-21T11:55:40+00:00\",\"dateModified\":\"2025-07-18T12:10:19+00:00\",\"description\":\"Ich bin Fachanw\u00e4ltin f\u00fcr Arbeitsrecht und Gr\u00fcnderin der Arbeitsrechtskanzlei Kempermann Arbeitsrecht.\",\"breadcrumb\":{\"@id\":\"https:\/\/kempermann-arbeitsrecht.de\/en\/privacy\/#breadcrumb\"},\"inLanguage\":\"en-US\",\"potentialAction\":[{\"@type\":\"ReadAction\",\"target\":[\"https:\/\/kempermann-arbeitsrecht.de\/en\/privacy\/\"]}]},{\"@type\":\"BreadcrumbList\",\"@id\":\"https:\/\/kempermann-arbeitsrecht.de\/en\/privacy\/#breadcrumb\",\"itemListElement\":[{\"@type\":\"ListItem\",\"position\":1,\"name\":\"Startseite\",\"item\":\"https:\/\/kempermann-arbeitsrecht.de\/en\/\"},{\"@type\":\"ListItem\",\"position\":2,\"name\":\"Privacy\"}]},{\"@type\":\"WebSite\",\"@id\":\"https:\/\/kempermann-arbeitsrecht.de\/#website\",\"url\":\"https:\/\/kempermann-arbeitsrecht.de\/\",\"name\":\"Kempermann Arbeitsrecht\",\"description\":\"Ihre Rechtsanw\u00e4ltin f\u00fcr Arbeitsrecht\",\"publisher\":{\"@id\":\"https:\/\/kempermann-arbeitsrecht.de\/#organization\"},\"potentialAction\":[{\"@type\":\"SearchAction\",\"target\":{\"@type\":\"EntryPoint\",\"urlTemplate\":\"https:\/\/kempermann-arbeitsrecht.de\/?s={search_term_string}\"},\"query-input\":{\"@type\":\"PropertyValueSpecification\",\"valueRequired\":true,\"valueName\":\"search_term_string\"}}],\"inLanguage\":\"en-US\"},{\"@type\":\"Organization\",\"@id\":\"https:\/\/kempermann-arbeitsrecht.de\/#organization\",\"name\":\"Kempermann Arbeitsrecht\",\"url\":\"https:\/\/kempermann-arbeitsrecht.de\/\",\"logo\":{\"@type\":\"ImageObject\",\"inLanguage\":\"en-US\",\"@id\":\"https:\/\/kempermann-arbeitsrecht.de\/#\/schema\/logo\/image\/\",\"url\":\"https:\/\/kempermann-arbeitsrecht.de\/wp-content\/uploads\/2020\/08\/Logo-aktuell.png\",\"contentUrl\":\"https:\/\/kempermann-arbeitsrecht.de\/wp-content\/uploads\/2020\/08\/Logo-aktuell.png\",\"width\":1294,\"height\":952,\"caption\":\"Kempermann Arbeitsrecht\"},\"image\":{\"@id\":\"https:\/\/kempermann-arbeitsrecht.de\/#\/schema\/logo\/image\/\"}}]}<\/script>\n<!-- \/ Yoast SEO plugin. -->","yoast_head_json":{"title":"Privacy - Kempermann Arbeitsrecht","description":"Ich bin Fachanw\u00e4ltin f\u00fcr Arbeitsrecht und Gr\u00fcnderin der Arbeitsrechtskanzlei Kempermann Arbeitsrecht.","robots":{"index":"index","follow":"follow","max-snippet":"max-snippet:-1","max-image-preview":"max-image-preview:large","max-video-preview":"max-video-preview:-1"},"canonical":"https:\/\/kempermann-arbeitsrecht.de\/en\/privacy\/","og_locale":"en_US","og_type":"article","og_title":"Privacy - Kempermann Arbeitsrecht","og_description":"Ich bin Fachanw\u00e4ltin f\u00fcr Arbeitsrecht und Gr\u00fcnderin der Arbeitsrechtskanzlei Kempermann Arbeitsrecht.","og_url":"https:\/\/kempermann-arbeitsrecht.de\/en\/privacy\/","og_site_name":"Kempermann Arbeitsrecht","article_modified_time":"2025-07-18T12:10:19+00:00","twitter_card":"summary_large_image","twitter_misc":{"Est. reading time":"6 minutes"},"schema":{"@context":"https:\/\/schema.org","@graph":[{"@type":"WebPage","@id":"https:\/\/kempermann-arbeitsrecht.de\/en\/privacy\/","url":"https:\/\/kempermann-arbeitsrecht.de\/en\/privacy\/","name":"Privacy - Kempermann Arbeitsrecht","isPartOf":{"@id":"https:\/\/kempermann-arbeitsrecht.de\/#website"},"datePublished":"2020-08-21T11:55:40+00:00","dateModified":"2025-07-18T12:10:19+00:00","description":"Ich bin Fachanw\u00e4ltin f\u00fcr Arbeitsrecht und Gr\u00fcnderin der Arbeitsrechtskanzlei Kempermann Arbeitsrecht.","breadcrumb":{"@id":"https:\/\/kempermann-arbeitsrecht.de\/en\/privacy\/#breadcrumb"},"inLanguage":"en-US","potentialAction":[{"@type":"ReadAction","target":["https:\/\/kempermann-arbeitsrecht.de\/en\/privacy\/"]}]},{"@type":"BreadcrumbList","@id":"https:\/\/kempermann-arbeitsrecht.de\/en\/privacy\/#breadcrumb","itemListElement":[{"@type":"ListItem","position":1,"name":"Startseite","item":"https:\/\/kempermann-arbeitsrecht.de\/en\/"},{"@type":"ListItem","position":2,"name":"Privacy"}]},{"@type":"WebSite","@id":"https:\/\/kempermann-arbeitsrecht.de\/#website","url":"https:\/\/kempermann-arbeitsrecht.de\/","name":"Kempermann Arbeitsrecht","description":"Ihre Rechtsanw\u00e4ltin f\u00fcr Arbeitsrecht","publisher":{"@id":"https:\/\/kempermann-arbeitsrecht.de\/#organization"},"potentialAction":[{"@type":"SearchAction","target":{"@type":"EntryPoint","urlTemplate":"https:\/\/kempermann-arbeitsrecht.de\/?s={search_term_string}"},"query-input":{"@type":"PropertyValueSpecification","valueRequired":true,"valueName":"search_term_string"}}],"inLanguage":"en-US"},{"@type":"Organization","@id":"https:\/\/kempermann-arbeitsrecht.de\/#organization","name":"Kempermann Arbeitsrecht","url":"https:\/\/kempermann-arbeitsrecht.de\/","logo":{"@type":"ImageObject","inLanguage":"en-US","@id":"https:\/\/kempermann-arbeitsrecht.de\/#\/schema\/logo\/image\/","url":"https:\/\/kempermann-arbeitsrecht.de\/wp-content\/uploads\/2020\/08\/Logo-aktuell.png","contentUrl":"https:\/\/kempermann-arbeitsrecht.de\/wp-content\/uploads\/2020\/08\/Logo-aktuell.png","width":1294,"height":952,"caption":"Kempermann Arbeitsrecht"},"image":{"@id":"https:\/\/kempermann-arbeitsrecht.de\/#\/schema\/logo\/image\/"}}]}},"_links":{"self":[{"href":"https:\/\/kempermann-arbeitsrecht.de\/en\/wp-json\/wp\/v2\/pages\/818","targetHints":{"allow":["GET"]}}],"collection":[{"href":"https:\/\/kempermann-arbeitsrecht.de\/en\/wp-json\/wp\/v2\/pages"}],"about":[{"href":"https:\/\/kempermann-arbeitsrecht.de\/en\/wp-json\/wp\/v2\/types\/page"}],"author":[{"embeddable":true,"href":"https:\/\/kempermann-arbeitsrecht.de\/en\/wp-json\/wp\/v2\/users\/1"}],"replies":[{"embeddable":true,"href":"https:\/\/kempermann-arbeitsrecht.de\/en\/wp-json\/wp\/v2\/comments?post=818"}],"version-history":[{"count":37,"href":"https:\/\/kempermann-arbeitsrecht.de\/en\/wp-json\/wp\/v2\/pages\/818\/revisions"}],"predecessor-version":[{"id":1614,"href":"https:\/\/kempermann-arbeitsrecht.de\/en\/wp-json\/wp\/v2\/pages\/818\/revisions\/1614"}],"wp:attachment":[{"href":"https:\/\/kempermann-arbeitsrecht.de\/en\/wp-json\/wp\/v2\/media?parent=818"}],"curies":[{"name":"wp","href":"https:\/\/api.w.org\/{rel}","templated":true}]}}