{"id":825,"date":"2020-08-21T13:58:02","date_gmt":"2020-08-21T11:58:02","guid":{"rendered":"https:\/\/kempermann-arbeitsrecht.de\/contact\/"},"modified":"2025-07-18T11:25:13","modified_gmt":"2025-07-18T09:25:13","slug":"contact","status":"publish","type":"page","link":"https:\/\/kempermann-arbeitsrecht.de\/en\/contact\/","title":{"rendered":"Contact"},"content":{"rendered":"<p>[et_pb_section fb_built=&#8221;1&#8243; custom_padding_last_edited=&#8221;off|desktop&#8221; admin_label=&#8221;Hero&#8221; _builder_version=&#8221;4.16&#8243; use_background_color_gradient=&#8221;on&#8221; background_color_gradient_direction=&#8221;90deg&#8221; background_color_gradient_stops=&#8221;rgba(0,0,0,0.75) 0%|rgba(0,0,0,0.2) 100%&#8221; background_color_gradient_overlays_image=&#8221;on&#8221; background_color_gradient_start=&#8221;rgba(0,0,0,0.75)&#8221; background_color_gradient_end=&#8221;rgba(0,0,0,0.2)&#8221; background_image=&#8221;https:\/\/kempermann-arbeitsrecht.de\/wp-content\/uploads\/2020\/08\/Maxi-4-min.jpg&#8221; background_position=&#8221;bottom_center&#8221; height=&#8221;950px&#8221; custom_padding=&#8221;10%|0px|10%|||&#8221; filter_brightness=&#8221;110%&#8221; global_colors_info=&#8221;{}&#8221;][\/et_pb_section][et_pb_section fb_built=&#8221;1&#8243; admin_label=&#8221;Contact Info&#8221; _builder_version=&#8221;4.16&#8243; global_colors_info=&#8221;{}&#8221;][et_pb_row column_structure=&#8221;1_2,1_2&#8243; make_equal=&#8221;on&#8221; _builder_version=&#8221;4.16&#8243; global_colors_info=&#8221;{}&#8221;][et_pb_column type=&#8221;1_2&#8243; _builder_version=&#8221;4.16&#8243; global_colors_info=&#8221;{}&#8221;][et_pb_text _builder_version=&#8221;4.27.4&#8243; text_font=&#8221;Raleway||||||||&#8221; text_font_size=&#8221;17px&#8221; text_line_height=&#8221;1.4em&#8221; link_text_color=&#8221;#000000&#8243; custom_margin=&#8221;50px||2px||false|false&#8221; global_colors_info=&#8221;{}&#8221;]<\/p>\n<p><span style=\"color: #000000;\">Maximiliane Kempermann<\/span><br \/><span style=\"color: #000000;\"> Rechtsanw\u00e4ltin, Fachanw\u00e4ltin f\u00fcr Arbeitsrecht<\/span><br \/><span style=\"color: #000000;\"> Kempener Str. 76<\/span><br \/><span style=\"color: #000000;\">D-50733 K\u00f6ln<\/span><\/p>\n<p><span style=\"color: #000000;\">Phone: +49 151 41211488<br \/>Fax: +49 221 9698 6642<\/span><br \/><span style=\"color: #000000;\"> E-Mail: kontakt@kempermann-arbeitsrecht.de<\/span><br \/><span style=\"color: #000000;\"> Web: kempermann-arbeitsrecht.de<\/span><\/p>\n<p>[\/et_pb_text][\/et_pb_column][et_pb_column type=&#8221;1_2&#8243; _builder_version=&#8221;4.16&#8243; _module_preset=&#8221;default&#8221; global_colors_info=&#8221;{}&#8221;][et_pb_image src=&#8221;https:\/\/kempermann-arbeitsrecht.de\/wp-content\/uploads\/2020\/08\/Screenshot-2020-08-14-at-15.13.32.png&#8221; title_text=&#8221;Screenshot 2020-08-14 at 15.13.32&#8243; _builder_version=&#8221;4.16&#8243; _module_preset=&#8221;default&#8221; global_colors_info=&#8221;{}&#8221;][\/et_pb_image][\/et_pb_column][\/et_pb_row][\/et_pb_section][et_pb_section fb_built=&#8221;1&#8243; admin_label=&#8221;Footer Section&#8221; _builder_version=&#8221;4.16&#8243; background_color=&#8221;#263142&#8243; custom_padding=&#8221;45px|0px|37px|0px||&#8221; saved_tabs=&#8221;all&#8221; global_colors_info=&#8221;{}&#8221; global_module=&#8221;1574&#8243; theme_builder_area=&#8221;post_content&#8221;][et_pb_row column_structure=&#8221;1_4,1_2,1_4&#8243; admin_label=&#8221;Footer Row&#8221; _builder_version=&#8221;4.16&#8243; global_colors_info=&#8221;{}&#8221; theme_builder_area=&#8221;post_content&#8221;][et_pb_column type=&#8221;1_4&#8243; _builder_version=&#8221;4.16&#8243; custom_padding=&#8221;|||&#8221; global_colors_info=&#8221;{}&#8221; custom_padding__hover=&#8221;|||&#8221; theme_builder_area=&#8221;post_content&#8221;][et_pb_text admin_label=&#8221;Links&#8221; _builder_version=&#8221;4.27.4&#8243; text_font=&#8221;Raleway||||||||&#8221; text_text_color=&#8221;#ffffff&#8221; text_line_height=&#8221;1.4em&#8221; link_font=&#8221;Raleway||||||||&#8221; link_text_color=&#8221;#ffffff&#8221; link_line_height=&#8221;2.1em&#8221; header_font=&#8221;||||||||&#8221; header_2_font=&#8221;||||||||&#8221; header_3_font=&#8221;||||||||&#8221; header_6_font=&#8221;Raleway|700||on|||||&#8221; header_6_text_color=&#8221;#FFFFFF&#8221; header_6_font_size=&#8221;16px&#8221; header_6_line_height=&#8221;1.7em&#8221; background_layout=&#8221;dark&#8221; module_alignment=&#8221;center&#8221; custom_margin=&#8221;|||&#8221; custom_margin_tablet=&#8221;0px|||&#8221; custom_margin_phone=&#8221;|||&#8221; custom_margin_last_edited=&#8221;off|desktop&#8221; text_line_height_last_edited=&#8221;off|desktop&#8221; global_colors_info=&#8221;{}&#8221; theme_builder_area=&#8221;post_content&#8221;]<\/p>\n<h6>Links<\/h6>\n<p><a href=\"https:\/\/kempermann-arbeitsrecht.de\/en\/imprint\/\">Imprint<\/a><br \/><a href=\"https:\/\/kempermann-arbeitsrecht.de\/en\/privacy\/\">Privacy<\/a><\/p>\n<p>[\/et_pb_text][\/et_pb_column][et_pb_column type=&#8221;1_2&#8243; _builder_version=&#8221;4.16&#8243; _module_preset=&#8221;default&#8221; global_colors_info=&#8221;{}&#8221; theme_builder_area=&#8221;post_content&#8221;][et_pb_text admin_label=&#8221;Links&#8221; _builder_version=&#8221;4.27.4&#8243; text_font=&#8221;Raleway||||||||&#8221; text_text_color=&#8221;#ffffff&#8221; text_line_height=&#8221;2em&#8221; link_font=&#8221;Raleway||||||||&#8221; link_text_color=&#8221;#ffffff&#8221; link_line_height=&#8221;2em&#8221; header_font=&#8221;||||||||&#8221; header_2_font=&#8221;||||||||&#8221; header_3_font=&#8221;||||||||&#8221; header_6_font=&#8221;Raleway|700||on|||||&#8221; header_6_text_color=&#8221;#FFFFFF&#8221; header_6_font_size=&#8221;16px&#8221; header_6_line_height=&#8221;1.7em&#8221; background_layout=&#8221;dark&#8221; module_alignment=&#8221;center&#8221; custom_margin=&#8221;|||&#8221; custom_margin_tablet=&#8221;0px|||&#8221; custom_margin_phone=&#8221;|||&#8221; custom_margin_last_edited=&#8221;off|desktop&#8221; text_line_height_last_edited=&#8221;off|desktop&#8221; global_colors_info=&#8221;{}&#8221; theme_builder_area=&#8221;post_content&#8221;]<\/p>\n<h6>Contact<\/h6>\n<p><a>Phone: +49 151 41211488<br \/><\/a>Fax: +49 221 9698 6642<br \/><a href=\"mailto:kontakt@kempermann-arbeitsrecht.de\">kontakt@kempermann-arbeitsrecht.de<\/a><\/p>\n<p>[\/et_pb_text][\/et_pb_column][et_pb_column type=&#8221;1_4&#8243; _builder_version=&#8221;4.16&#8243; custom_padding=&#8221;|||&#8221; global_colors_info=&#8221;{}&#8221; custom_padding__hover=&#8221;|||&#8221; theme_builder_area=&#8221;post_content&#8221;][et_pb_text admin_label=&#8221;Links&#8221; _builder_version=&#8221;4.27.4&#8243; text_font=&#8221;Open Sans|600|||||||&#8221; text_text_color=&#8221;#ffffff&#8221; text_line_height=&#8221;1.4em&#8221; link_font=&#8221;Open Sans|600|||||||&#8221; link_text_color=&#8221;#ffffff&#8221; link_line_height=&#8221;2.5em&#8221; header_font=&#8221;||||||||&#8221; header_2_font=&#8221;||||||||&#8221; header_3_font=&#8221;||||||||&#8221; header_6_font=&#8221;Raleway|700||on|||||&#8221; header_6_text_color=&#8221;#FFFFFF&#8221; header_6_font_size=&#8221;16px&#8221; header_6_line_height=&#8221;1.7em&#8221; background_layout=&#8221;dark&#8221; module_alignment=&#8221;center&#8221; custom_margin=&#8221;||-2px|||&#8221; custom_margin_tablet=&#8221;0px|||&#8221; custom_margin_phone=&#8221;|||&#8221; custom_margin_last_edited=&#8221;off|desktop&#8221; text_line_height_last_edited=&#8221;off|desktop&#8221; global_colors_info=&#8221;{}&#8221; theme_builder_area=&#8221;post_content&#8221;]<\/p>\n<h6>Social<\/h6>\n<p>[\/et_pb_text][et_pb_social_media_follow _builder_version=&#8221;4.16&#8243; _module_preset=&#8221;default&#8221; custom_margin=&#8221;12px|||||&#8221; global_colors_info=&#8221;{}&#8221; theme_builder_area=&#8221;post_content&#8221;][et_pb_social_media_follow_network social_network=&#8221;linkedin&#8221; url=&#8221;https:\/\/www.linkedin.com\/in\/maximiliane-kempermann-b0645991\/&#8221; _builder_version=&#8221;4.16&#8243; _module_preset=&#8221;default&#8221; background_color=&#8221;#007bb6&#8243; global_colors_info=&#8221;{}&#8221; theme_builder_area=&#8221;post_content&#8221; follow_button=&#8221;off&#8221; url_new_window=&#8221;on&#8221;]linkedin[\/et_pb_social_media_follow_network][\/et_pb_social_media_follow][\/et_pb_column][\/et_pb_row][\/et_pb_section]<\/p>\n","protected":false},"excerpt":{"rendered":"<p>Maximiliane Kempermann Rechtsanw\u00e4ltin, Fachanw\u00e4ltin f\u00fcr Arbeitsrecht Kempener Str. 76D-50733 K\u00f6ln Phone: +49 151 41211488Fax: +49 221 9698 6642 E-Mail: kontakt@kempermann-arbeitsrecht.de Web: kempermann-arbeitsrecht.deLinks ImprintPrivacyContact Phone: +49 151 41211488Fax: +49 221 9698 6642kontakt@kempermann-arbeitsrecht.deSocial<\/p>\n","protected":false},"author":1,"featured_media":0,"parent":0,"menu_order":0,"comment_status":"closed","ping_status":"closed","template":"","meta":{"_et_pb_use_builder":"on","_et_pb_old_content":"","_et_gb_content_width":"","footnotes":""},"class_list":["post-825","page","type-page","status-publish","hentry"],"yoast_head":"<!-- This site is optimized with the Yoast SEO plugin v25.5 - https:\/\/yoast.com\/wordpress\/plugins\/seo\/ -->\n<title>Contact - Kempermann Arbeitsrecht<\/title>\n<meta name=\"description\" content=\"Ich bin Fachanw\u00e4ltin f\u00fcr Arbeitsrecht und Gr\u00fcnderin der Arbeitsrechtskanzlei Kempermann Arbeitsrecht.\" \/>\n<meta name=\"robots\" content=\"index, follow, max-snippet:-1, max-image-preview:large, max-video-preview:-1\" \/>\n<link rel=\"canonical\" href=\"https:\/\/kempermann-arbeitsrecht.de\/en\/contact\/\" \/>\n<meta property=\"og:locale\" content=\"en_US\" \/>\n<meta property=\"og:type\" content=\"article\" \/>\n<meta property=\"og:title\" content=\"Contact - Kempermann Arbeitsrecht\" \/>\n<meta property=\"og:description\" content=\"Ich bin Fachanw\u00e4ltin f\u00fcr Arbeitsrecht und Gr\u00fcnderin der Arbeitsrechtskanzlei Kempermann Arbeitsrecht.\" \/>\n<meta property=\"og:url\" content=\"https:\/\/kempermann-arbeitsrecht.de\/en\/contact\/\" \/>\n<meta property=\"og:site_name\" content=\"Kempermann Arbeitsrecht\" \/>\n<meta property=\"article:modified_time\" content=\"2025-07-18T09:25:13+00:00\" \/>\n<meta name=\"twitter:card\" content=\"summary_large_image\" \/>\n<meta name=\"twitter:label1\" content=\"Est. reading time\" \/>\n\t<meta name=\"twitter:data1\" content=\"3 minutes\" \/>\n<script type=\"application\/ld+json\" class=\"yoast-schema-graph\">{\"@context\":\"https:\/\/schema.org\",\"@graph\":[{\"@type\":\"WebPage\",\"@id\":\"https:\/\/kempermann-arbeitsrecht.de\/en\/contact\/\",\"url\":\"https:\/\/kempermann-arbeitsrecht.de\/en\/contact\/\",\"name\":\"Contact - Kempermann Arbeitsrecht\",\"isPartOf\":{\"@id\":\"https:\/\/kempermann-arbeitsrecht.de\/#website\"},\"datePublished\":\"2020-08-21T11:58:02+00:00\",\"dateModified\":\"2025-07-18T09:25:13+00:00\",\"description\":\"Ich bin Fachanw\u00e4ltin f\u00fcr Arbeitsrecht und Gr\u00fcnderin der Arbeitsrechtskanzlei Kempermann Arbeitsrecht.\",\"breadcrumb\":{\"@id\":\"https:\/\/kempermann-arbeitsrecht.de\/en\/contact\/#breadcrumb\"},\"inLanguage\":\"en-US\",\"potentialAction\":[{\"@type\":\"ReadAction\",\"target\":[\"https:\/\/kempermann-arbeitsrecht.de\/en\/contact\/\"]}]},{\"@type\":\"BreadcrumbList\",\"@id\":\"https:\/\/kempermann-arbeitsrecht.de\/en\/contact\/#breadcrumb\",\"itemListElement\":[{\"@type\":\"ListItem\",\"position\":1,\"name\":\"Startseite\",\"item\":\"https:\/\/kempermann-arbeitsrecht.de\/en\/\"},{\"@type\":\"ListItem\",\"position\":2,\"name\":\"Contact\"}]},{\"@type\":\"WebSite\",\"@id\":\"https:\/\/kempermann-arbeitsrecht.de\/#website\",\"url\":\"https:\/\/kempermann-arbeitsrecht.de\/\",\"name\":\"Kempermann Arbeitsrecht\",\"description\":\"Ihre Rechtsanw\u00e4ltin f\u00fcr Arbeitsrecht\",\"publisher\":{\"@id\":\"https:\/\/kempermann-arbeitsrecht.de\/#organization\"},\"potentialAction\":[{\"@type\":\"SearchAction\",\"target\":{\"@type\":\"EntryPoint\",\"urlTemplate\":\"https:\/\/kempermann-arbeitsrecht.de\/?s={search_term_string}\"},\"query-input\":{\"@type\":\"PropertyValueSpecification\",\"valueRequired\":true,\"valueName\":\"search_term_string\"}}],\"inLanguage\":\"en-US\"},{\"@type\":\"Organization\",\"@id\":\"https:\/\/kempermann-arbeitsrecht.de\/#organization\",\"name\":\"Kempermann Arbeitsrecht\",\"url\":\"https:\/\/kempermann-arbeitsrecht.de\/\",\"logo\":{\"@type\":\"ImageObject\",\"inLanguage\":\"en-US\",\"@id\":\"https:\/\/kempermann-arbeitsrecht.de\/#\/schema\/logo\/image\/\",\"url\":\"https:\/\/kempermann-arbeitsrecht.de\/wp-content\/uploads\/2020\/08\/Logo-aktuell.png\",\"contentUrl\":\"https:\/\/kempermann-arbeitsrecht.de\/wp-content\/uploads\/2020\/08\/Logo-aktuell.png\",\"width\":1294,\"height\":952,\"caption\":\"Kempermann Arbeitsrecht\"},\"image\":{\"@id\":\"https:\/\/kempermann-arbeitsrecht.de\/#\/schema\/logo\/image\/\"}}]}<\/script>\n<!-- \/ Yoast SEO plugin. -->","yoast_head_json":{"title":"Contact - Kempermann Arbeitsrecht","description":"Ich bin Fachanw\u00e4ltin f\u00fcr Arbeitsrecht und Gr\u00fcnderin der Arbeitsrechtskanzlei Kempermann Arbeitsrecht.","robots":{"index":"index","follow":"follow","max-snippet":"max-snippet:-1","max-image-preview":"max-image-preview:large","max-video-preview":"max-video-preview:-1"},"canonical":"https:\/\/kempermann-arbeitsrecht.de\/en\/contact\/","og_locale":"en_US","og_type":"article","og_title":"Contact - Kempermann Arbeitsrecht","og_description":"Ich bin Fachanw\u00e4ltin f\u00fcr Arbeitsrecht und Gr\u00fcnderin der Arbeitsrechtskanzlei Kempermann Arbeitsrecht.","og_url":"https:\/\/kempermann-arbeitsrecht.de\/en\/contact\/","og_site_name":"Kempermann Arbeitsrecht","article_modified_time":"2025-07-18T09:25:13+00:00","twitter_card":"summary_large_image","twitter_misc":{"Est. reading time":"3 minutes"},"schema":{"@context":"https:\/\/schema.org","@graph":[{"@type":"WebPage","@id":"https:\/\/kempermann-arbeitsrecht.de\/en\/contact\/","url":"https:\/\/kempermann-arbeitsrecht.de\/en\/contact\/","name":"Contact - Kempermann Arbeitsrecht","isPartOf":{"@id":"https:\/\/kempermann-arbeitsrecht.de\/#website"},"datePublished":"2020-08-21T11:58:02+00:00","dateModified":"2025-07-18T09:25:13+00:00","description":"Ich bin Fachanw\u00e4ltin f\u00fcr Arbeitsrecht und Gr\u00fcnderin der Arbeitsrechtskanzlei Kempermann Arbeitsrecht.","breadcrumb":{"@id":"https:\/\/kempermann-arbeitsrecht.de\/en\/contact\/#breadcrumb"},"inLanguage":"en-US","potentialAction":[{"@type":"ReadAction","target":["https:\/\/kempermann-arbeitsrecht.de\/en\/contact\/"]}]},{"@type":"BreadcrumbList","@id":"https:\/\/kempermann-arbeitsrecht.de\/en\/contact\/#breadcrumb","itemListElement":[{"@type":"ListItem","position":1,"name":"Startseite","item":"https:\/\/kempermann-arbeitsrecht.de\/en\/"},{"@type":"ListItem","position":2,"name":"Contact"}]},{"@type":"WebSite","@id":"https:\/\/kempermann-arbeitsrecht.de\/#website","url":"https:\/\/kempermann-arbeitsrecht.de\/","name":"Kempermann Arbeitsrecht","description":"Ihre Rechtsanw\u00e4ltin f\u00fcr Arbeitsrecht","publisher":{"@id":"https:\/\/kempermann-arbeitsrecht.de\/#organization"},"potentialAction":[{"@type":"SearchAction","target":{"@type":"EntryPoint","urlTemplate":"https:\/\/kempermann-arbeitsrecht.de\/?s={search_term_string}"},"query-input":{"@type":"PropertyValueSpecification","valueRequired":true,"valueName":"search_term_string"}}],"inLanguage":"en-US"},{"@type":"Organization","@id":"https:\/\/kempermann-arbeitsrecht.de\/#organization","name":"Kempermann Arbeitsrecht","url":"https:\/\/kempermann-arbeitsrecht.de\/","logo":{"@type":"ImageObject","inLanguage":"en-US","@id":"https:\/\/kempermann-arbeitsrecht.de\/#\/schema\/logo\/image\/","url":"https:\/\/kempermann-arbeitsrecht.de\/wp-content\/uploads\/2020\/08\/Logo-aktuell.png","contentUrl":"https:\/\/kempermann-arbeitsrecht.de\/wp-content\/uploads\/2020\/08\/Logo-aktuell.png","width":1294,"height":952,"caption":"Kempermann Arbeitsrecht"},"image":{"@id":"https:\/\/kempermann-arbeitsrecht.de\/#\/schema\/logo\/image\/"}}]}},"_links":{"self":[{"href":"https:\/\/kempermann-arbeitsrecht.de\/en\/wp-json\/wp\/v2\/pages\/825","targetHints":{"allow":["GET"]}}],"collection":[{"href":"https:\/\/kempermann-arbeitsrecht.de\/en\/wp-json\/wp\/v2\/pages"}],"about":[{"href":"https:\/\/kempermann-arbeitsrecht.de\/en\/wp-json\/wp\/v2\/types\/page"}],"author":[{"embeddable":true,"href":"https:\/\/kempermann-arbeitsrecht.de\/en\/wp-json\/wp\/v2\/users\/1"}],"replies":[{"embeddable":true,"href":"https:\/\/kempermann-arbeitsrecht.de\/en\/wp-json\/wp\/v2\/comments?post=825"}],"version-history":[{"count":26,"href":"https:\/\/kempermann-arbeitsrecht.de\/en\/wp-json\/wp\/v2\/pages\/825\/revisions"}],"predecessor-version":[{"id":1578,"href":"https:\/\/kempermann-arbeitsrecht.de\/en\/wp-json\/wp\/v2\/pages\/825\/revisions\/1578"}],"wp:attachment":[{"href":"https:\/\/kempermann-arbeitsrecht.de\/en\/wp-json\/wp\/v2\/media?parent=825"}],"curies":[{"name":"wp","href":"https:\/\/api.w.org\/{rel}","templated":true}]}}